{"id":935,"date":"2016-08-29T09:09:29","date_gmt":"2016-08-29T09:09:29","guid":{"rendered":"https:\/\/lerevelateur.ca\/product\/god-satan-and-men\/"},"modified":"2021-05-07T22:40:14","modified_gmt":"2021-05-07T22:40:14","slug":"god-satan-and-men-book-2","status":"publish","type":"product","link":"https:\/\/lerevelateur.ca\/en\/product\/god-satan-and-men-book-2\/","title":{"rendered":"God Satan and Men &#8211; Book 2"},"content":{"rendered":"<table class=\"tdm\">\n<tbody>\n<tr>\n<td width=\"100%\">D\u00e9dicace<\/td>\n<td><\/td>\n<td>\n<p align=\"right\">3<\/p>\n<\/td>\n<\/tr>\n<tr class=\"tdmb\">\n<td width=\"100%\">Avis aux lecteurs<\/td>\n<td><\/td>\n<td>\n<p align=\"right\">4<\/p>\n<\/td>\n<\/tr>\n<tr>\n<td width=\"100%\">Quelques mots de l\u2019auteur<\/td>\n<td><\/td>\n<td>\n<p align=\"right\">5<\/p>\n<\/td>\n<\/tr>\n<tr class=\"tdmb\">\n<td width=\"100%\">Remerciements<\/td>\n<td><\/td>\n<td>\n<p align=\"right\">7<\/p>\n<\/td>\n<\/tr>\n<tr>\n<td width=\"100%\">Le pr\u00e9sent<\/td>\n<td><\/td>\n<td>\n<p align=\"right\">9<\/p>\n<\/td>\n<\/tr>\n<tr class=\"tdmb\">\n<td width=\"100%\">Une contrition th\u00e9\u00e2trale<\/td>\n<td><\/td>\n<td>\n<p align=\"right\">11<\/p>\n<\/td>\n<\/tr>\n<tr>\n<td width=\"100%\">P\u00e9trole et franc-ma\u00e7onnerie<\/td>\n<td><\/td>\n<td>\n<p align=\"right\">18<\/p>\n<\/td>\n<\/tr>\n<tr class=\"tdmb\">\n<td width=\"100%\">Des \u00e9v\u00e9nements qui tardent<\/td>\n<td><\/td>\n<td>\n<p align=\"right\">21<\/p>\n<\/td>\n<\/tr>\n<tr>\n<td width=\"100%\">J\u2019enverrai \u00c9lie<\/td>\n<td><\/td>\n<td>\n<p align=\"right\">26<\/p>\n<\/td>\n<\/tr>\n<tr class=\"tdmb\">\n<td width=\"100%\">L\u2019intransigeance du sort<\/td>\n<td><\/td>\n<td>\n<p align=\"right\">29<\/p>\n<\/td>\n<\/tr>\n<tr>\n<td width=\"100%\">De l\u2019enfer au ciel<\/td>\n<td><\/td>\n<td>\n<p align=\"right\">34<\/p>\n<\/td>\n<\/tr>\n<tr class=\"tdmb\">\n<td width=\"100%\">Le choc de la situation<\/td>\n<td><\/td>\n<td>\n<p align=\"right\">38<\/p>\n<\/td>\n<\/tr>\n<tr>\n<td width=\"100%\">Les premi\u00e8res secousses<\/td>\n<td><\/td>\n<td>\n<p align=\"right\">41<\/p>\n<\/td>\n<\/tr>\n<tr class=\"tdmb\">\n<td width=\"100%\">L\u2019atroce insuffisance<\/td>\n<td><\/td>\n<td>\n<p align=\"right\">45<\/p>\n<\/td>\n<\/tr>\n<tr>\n<td width=\"100%\">Les formalit\u00e9s du serment<\/td>\n<td><\/td>\n<td>\n<p align=\"right\">48<\/p>\n<\/td>\n<\/tr>\n<tr class=\"tdmb\">\n<td width=\"100%\">La mystique venue de J\u00e9sus<\/td>\n<td><\/td>\n<td>\n<p align=\"right\">51<\/p>\n<\/td>\n<\/tr>\n<tr>\n<td width=\"100%\">Les destinataires du livre<\/td>\n<td><\/td>\n<td>\n<p align=\"right\">57<\/p>\n<\/td>\n<\/tr>\n<tr class=\"tdmb\">\n<td width=\"100%\">Un livre \u00e0 avaler<\/td>\n<td><\/td>\n<td>\n<p align=\"right\">62<\/p>\n<\/td>\n<\/tr>\n<tr>\n<td width=\"100%\">D\u2019\u00e9tonnantes confidences<\/td>\n<td><\/td>\n<td>\n<p align=\"right\">67<\/p>\n<\/td>\n<\/tr>\n<tr class=\"tdmb\">\n<td width=\"100%\">Du haut de la tour<\/td>\n<td><\/td>\n<td>\n<p align=\"right\">74<\/p>\n<\/td>\n<\/tr>\n<tr>\n<td width=\"100%\">L\u2019irr\u00e9versible<\/td>\n<td><\/td>\n<td>\n<p align=\"right\">77<\/p>\n<\/td>\n<\/tr>\n<tr class=\"tdmb\">\n<td width=\"100%\">Le septi\u00e8me sceau<\/td>\n<td><\/td>\n<td>\n<p align=\"right\">81<\/p>\n<\/td>\n<\/tr>\n<tr>\n<td width=\"100%\">Heureux celui<\/td>\n<td><\/td>\n<td>\n<p align=\"right\">84<\/p>\n<\/td>\n<\/tr>\n<tr class=\"tdmb\">\n<td width=\"100%\">Premi\u00e8re trompette<\/td>\n<td><\/td>\n<td>\n<p align=\"right\">87<\/p>\n<\/td>\n<\/tr>\n<tr>\n<td width=\"100%\">Deuxi\u00e8me trompette<\/td>\n<td><\/td>\n<td>\n<p align=\"right\">93<\/p>\n<\/td>\n<\/tr>\n<tr class=\"tdmb\">\n<td width=\"100%\">Troisi\u00e8me trompette<\/td>\n<td><\/td>\n<td>\n<p align=\"right\">95<\/p>\n<\/td>\n<\/tr>\n<tr>\n<td width=\"100%\">Laissez cro\u00eetre<\/td>\n<td><\/td>\n<td>\n<p align=\"right\">99<\/p>\n<\/td>\n<\/tr>\n<tr class=\"tdmb\">\n<td width=\"100%\">De m\u00e9diocre \u00e0 mauvais<\/td>\n<td><\/td>\n<td>\n<p align=\"right\">101<\/p>\n<\/td>\n<\/tr>\n<tr>\n<td width=\"100%\">Prenez garde \u00e0 la mani\u00e8re<\/td>\n<td><\/td>\n<td>\n<p align=\"right\">104<\/p>\n<\/td>\n<\/tr>\n<tr class=\"tdmb\">\n<td width=\"100%\">Une b\u00eate qui sort de la terre<\/td>\n<td><\/td>\n<td>\n<p align=\"right\">108<\/p>\n<\/td>\n<\/tr>\n<tr>\n<td width=\"100%\">Elle parlait comme un dragon<\/td>\n<td><\/td>\n<td>\n<p align=\"right\">112<\/p>\n<\/td>\n<\/tr>\n<tr class=\"tdmb\">\n<td width=\"100%\">Les deux t\u00e9moins<\/td>\n<td><\/td>\n<td>\n<p align=\"right\">116<\/p>\n<\/td>\n<\/tr>\n<tr>\n<td width=\"100%\">Son retour<\/td>\n<td><\/td>\n<td>\n<p align=\"right\">119<\/p>\n<\/td>\n<\/tr>\n<tr class=\"tdmb\">\n<td width=\"100%\">La loi mise en \u00e9vidence<\/td>\n<td><\/td>\n<td>\n<p align=\"right\">123<\/p>\n<\/td>\n<\/tr>\n<tr>\n<td width=\"100%\">Le premier ange<\/td>\n<td><\/td>\n<td>\n<p align=\"right\">125<\/p>\n<\/td>\n<\/tr>\n<tr class=\"tdmb\">\n<td width=\"100%\">L\u2019escalade d\u00e9bute<\/td>\n<td><\/td>\n<td>\n<p align=\"right\">128<\/p>\n<\/td>\n<\/tr>\n<tr>\n<td width=\"100%\">Un \u00e9ch\u00e9ancier de sept ans<\/td>\n<td><\/td>\n<td>\n<p align=\"right\">132<\/p>\n<\/td>\n<\/tr>\n<tr class=\"tdmb\">\n<td width=\"100%\">Sortez du milieu d\u2019eux<\/td>\n<td><\/td>\n<td>\n<p align=\"right\">136<\/p>\n<\/td>\n<\/tr>\n<tr>\n<td width=\"100%\">On finit par y mettre le feu<\/td>\n<td><\/td>\n<td>\n<p align=\"right\">140<\/p>\n<\/td>\n<\/tr>\n<tr class=\"tdmb\">\n<td width=\"100%\">La quatri\u00e8me trompette<\/td>\n<td><\/td>\n<td>\n<p align=\"right\">143<\/p>\n<\/td>\n<\/tr>\n<tr>\n<td width=\"100%\">Allez et versez<\/td>\n<td><\/td>\n<td>\n<p align=\"right\">147<\/p>\n<\/td>\n<\/tr>\n<tr class=\"tdmb\">\n<td width=\"100%\">L\u2019impardonnable<\/td>\n<td><\/td>\n<td>\n<p align=\"right\">151<\/p>\n<\/td>\n<\/tr>\n<tr>\n<td width=\"100%\">Premi\u00e8re coupe<\/td>\n<td><\/td>\n<td>\n<p align=\"right\">153<\/p>\n<\/td>\n<\/tr>\n<tr class=\"tdmb\">\n<td width=\"100%\">Les crit\u00e8res se resserrent<\/td>\n<td><\/td>\n<td>\n<p align=\"right\">157<\/p>\n<\/td>\n<\/tr>\n<tr>\n<td width=\"100%\">Les cha\u00eenes de la c\u00e9cit\u00e9<\/td>\n<td><\/td>\n<td>\n<p align=\"right\">160<\/p>\n<\/td>\n<\/tr>\n<tr class=\"tdmb\">\n<td width=\"100%\">Les hauts lieux de l\u2019arnaque<\/td>\n<td><\/td>\n<td>\n<p align=\"right\">164<\/p>\n<\/td>\n<\/tr>\n<tr>\n<td width=\"100%\">La main de tous contre lui<\/td>\n<td><\/td>\n<td>\n<p align=\"right\">168<\/p>\n<\/td>\n<\/tr>\n<tr class=\"tdmb\">\n<td width=\"100%\">La deuxi\u00e8me coupe<\/td>\n<td><\/td>\n<td>\n<p align=\"right\">173<\/p>\n<\/td>\n<\/tr>\n<tr>\n<td width=\"100%\">Le huiti\u00e8me roi est n\u00e9<\/td>\n<td><\/td>\n<td>\n<p align=\"right\">178<\/p>\n<\/td>\n<\/tr>\n<tr class=\"tdmb\">\n<td width=\"100%\">La troisi\u00e8me coupe<\/td>\n<td><\/td>\n<td>\n<p align=\"right\">180<\/p>\n<\/td>\n<\/tr>\n<tr>\n<td width=\"100%\">L\u2019apparition de l\u2019impie<\/td>\n<td><\/td>\n<td>\n<p align=\"right\">183<\/p>\n<\/td>\n<\/tr>\n<tr class=\"tdmb\">\n<td width=\"100%\">La cinqui\u00e8me trompette<\/td>\n<td><\/td>\n<td>\n<p align=\"right\">186<\/p>\n<\/td>\n<\/tr>\n<tr>\n<td width=\"100%\">Des esprits s\u00e9ducteurs<\/td>\n<td><\/td>\n<td>\n<p align=\"right\">191<\/p>\n<\/td>\n<\/tr>\n<tr class=\"tdmb\">\n<td width=\"100%\">L\u2019ange de l\u2019ab\u00eeme<\/td>\n<td><\/td>\n<td>\n<p align=\"right\">196<\/p>\n<\/td>\n<\/tr>\n<tr>\n<td width=\"100%\">La cr\u00e9ation enti\u00e8re g\u00e9mit<\/td>\n<td><\/td>\n<td>\n<p align=\"right\">199<\/p>\n<\/td>\n<\/tr>\n<tr class=\"tdmb\">\n<td width=\"100%\">Le premier malheur<\/td>\n<td><\/td>\n<td>\n<p align=\"right\">203<\/p>\n<\/td>\n<\/tr>\n<tr>\n<td width=\"100%\">La grande ville<\/td>\n<td><\/td>\n<td>\n<p align=\"right\">205<\/p>\n<\/td>\n<\/tr>\n<tr class=\"tdmb\">\n<td width=\"100%\">Les cinq mois<\/td>\n<td><\/td>\n<td>\n<p align=\"right\">212<\/p>\n<\/td>\n<\/tr>\n<tr>\n<td width=\"100%\">L\u2019Ant\u00e9christ<\/td>\n<td><\/td>\n<td>\n<p align=\"right\">216<\/p>\n<\/td>\n<\/tr>\n<tr class=\"tdmb\">\n<td width=\"100%\">Semblable \u00e0 des grenouilles<\/td>\n<td><\/td>\n<td>\n<p align=\"right\">219<\/p>\n<\/td>\n<\/tr>\n<tr>\n<td width=\"100%\">La sixi\u00e8me trompette<\/td>\n<td><\/td>\n<td>\n<p align=\"right\">224<\/p>\n<\/td>\n<\/tr>\n<tr class=\"tdmb\">\n<td width=\"100%\">Le feu descend du ciel<\/td>\n<td><\/td>\n<td>\n<p align=\"right\">227<\/p>\n<\/td>\n<\/tr>\n<tr>\n<td width=\"100%\">L\u2019\u00c9glise de Philadelphie<\/td>\n<td><\/td>\n<td>\n<p align=\"right\">230<\/p>\n<\/td>\n<\/tr>\n<tr class=\"tdmb\">\n<td width=\"100%\">La pluie du printemps<\/td>\n<td><\/td>\n<td>\n<p align=\"right\">234<\/p>\n<\/td>\n<\/tr>\n<tr>\n<td width=\"100%\">L\u2019image de la b\u00eate<\/td>\n<td><\/td>\n<td>\n<p align=\"right\">237<\/p>\n<\/td>\n<\/tr>\n<tr class=\"tdmb\">\n<td width=\"100%\">Le troisi\u00e8me ange<\/td>\n<td><\/td>\n<td>\n<p align=\"right\">240<\/p>\n<\/td>\n<\/tr>\n<tr>\n<td width=\"100%\">Les deux cent millions<\/td>\n<td><\/td>\n<td>\n<p align=\"right\">243<\/p>\n<\/td>\n<\/tr>\n<tr class=\"tdmb\">\n<td width=\"100%\">La puissance des chevaux<\/td>\n<td><\/td>\n<td>\n<p align=\"right\">246<\/p>\n<\/td>\n<\/tr>\n<tr>\n<td width=\"100%\">La onzi\u00e8me heure<\/td>\n<td><\/td>\n<td>\n<p align=\"right\">250<\/p>\n<\/td>\n<\/tr>\n<tr class=\"tdmb\">\n<td width=\"100%\">L\u2019\u00e9nigmatique 666<\/td>\n<td><\/td>\n<td>\n<p align=\"right\">255<\/p>\n<\/td>\n<\/tr>\n<tr>\n<td width=\"100%\">Babylone la grande<\/td>\n<td><\/td>\n<td>\n<p align=\"right\">259<\/p>\n<\/td>\n<\/tr>\n<tr class=\"tdmb\">\n<td width=\"100%\">La demi-heure de silence<\/td>\n<td><\/td>\n<td>\n<p align=\"right\">264<\/p>\n<\/td>\n<\/tr>\n<tr>\n<td width=\"100%\">Une d\u00e9tresse incomparable<\/td>\n<td><\/td>\n<td>\n<p align=\"right\">269<\/p>\n<\/td>\n<\/tr>\n<tr class=\"tdmb\">\n<td width=\"100%\">L\u2019insouciante Sardes<\/td>\n<td><\/td>\n<td>\n<p align=\"right\">271<\/p>\n<\/td>\n<\/tr>\n<tr>\n<td width=\"100%\">Les vierges folles<\/td>\n<td><\/td>\n<td>\n<p align=\"right\">277<\/p>\n<\/td>\n<\/tr>\n<tr class=\"tdmb\">\n<td width=\"100%\">Ils vous devanceront<\/td>\n<td><\/td>\n<td>\n<p align=\"right\">283<\/p>\n<\/td>\n<\/tr>\n<tr>\n<td width=\"100%\">L\u2019\u00e9glise de Laodic\u00e9e<\/td>\n<td><\/td>\n<td>\n<p align=\"right\">288<\/p>\n<\/td>\n<\/tr>\n<tr class=\"tdmb\">\n<td width=\"100%\">L\u2019or \u00e9prouv\u00e9 par le feu<\/td>\n<td><\/td>\n<td>\n<p align=\"right\">293<\/p>\n<\/td>\n<\/tr>\n<tr>\n<td width=\"100%\">La quatri\u00e8me coupe<\/td>\n<td><\/td>\n<td>\n<p align=\"right\">298<\/p>\n<\/td>\n<\/tr>\n<tr class=\"tdmb\">\n<td width=\"100%\">Jusqu\u2019\u00e0 1335 jours<\/td>\n<td><\/td>\n<td>\n<p align=\"right\">302<\/p>\n<\/td>\n<\/tr>\n<tr>\n<td width=\"100%\">Armageddon<\/td>\n<td><\/td>\n<td>\n<p align=\"right\">305<\/p>\n<\/td>\n<\/tr>\n<tr class=\"tdmb\">\n<td width=\"100%\">L\u2019\u00e9tonnement de Jean<\/td>\n<td><\/td>\n<td>\n<p align=\"right\">310<\/p>\n<\/td>\n<\/tr>\n<tr>\n<td width=\"100%\">La septi\u00e8me trompette<\/td>\n<td><\/td>\n<td>\n<p align=\"right\">314<\/p>\n<\/td>\n<\/tr>\n<tr class=\"tdmb\">\n<td width=\"100%\">Le neuvi\u00e8me et divin Roi<\/td>\n<td><\/td>\n<td>\n<p align=\"right\">320<\/p>\n<\/td>\n<\/tr>\n<tr>\n<td width=\"100%\">La premi\u00e8re r\u00e9surrection<\/td>\n<td><\/td>\n<td>\n<p align=\"right\">322<\/p>\n<\/td>\n<\/tr>\n<tr class=\"tdmb\">\n<td width=\"100%\">La grande cuve<\/td>\n<td><\/td>\n<td>\n<p align=\"right\">327<\/p>\n<\/td>\n<\/tr>\n<tr>\n<td width=\"100%\">La cinqui\u00e8me coupe<\/td>\n<td><\/td>\n<td>\n<p align=\"right\">332<\/p>\n<\/td>\n<\/tr>\n<tr class=\"tdmb\">\n<td width=\"100%\">La sixi\u00e8me coupe<\/td>\n<td><\/td>\n<td>\n<p align=\"right\">335<\/p>\n<\/td>\n<\/tr>\n<tr>\n<td width=\"100%\">La septi\u00e8me coupe<\/td>\n<td><\/td>\n<td>\n<p align=\"right\">337<\/p>\n<\/td>\n<\/tr>\n<tr class=\"tdmb\">\n<td width=\"100%\">Le deuxi\u00e8me malheur<\/td>\n<td><\/td>\n<td>\n<p align=\"right\">340<\/p>\n<\/td>\n<\/tr>\n<tr>\n<td width=\"100%\">L\u2019\u00e9tang de feu<\/td>\n<td><\/td>\n<td>\n<p align=\"right\">345<\/p>\n<\/td>\n<\/tr>\n<tr class=\"tdmb\">\n<td width=\"100%\">\u00c0 vous maintenant, les riches<\/td>\n<td><\/td>\n<td>\n<p align=\"right\">348<\/p>\n<\/td>\n<\/tr>\n<tr>\n<td width=\"100%\">Le troisi\u00e8me malheur<\/td>\n<td><\/td>\n<td>\n<p align=\"right\">352<\/p>\n<\/td>\n<\/tr>\n<tr class=\"tdmb\">\n<td width=\"100%\">Satan incarc\u00e9r\u00e9<\/td>\n<td><\/td>\n<td>\n<p align=\"right\">357<\/p>\n<\/td>\n<\/tr>\n<tr>\n<td width=\"100%\">Les mille ans dans les cieux<\/td>\n<td><\/td>\n<td>\n<p align=\"right\">362<\/p>\n<\/td>\n<\/tr>\n<tr class=\"tdmb\">\n<td width=\"100%\">La deuxi\u00e8me r\u00e9surrection<\/td>\n<td><\/td>\n<td>\n<p align=\"right\">368<\/p>\n<\/td>\n<\/tr>\n<tr>\n<td width=\"100%\">Le premier \u00e0 \u00eatre frapp\u00e9<\/td>\n<td><\/td>\n<td>\n<p align=\"right\">373<\/p>\n<\/td>\n<\/tr>\n<tr class=\"tdmb\">\n<td width=\"100%\">Une nouvelle cr\u00e9ation<\/td>\n<td><\/td>\n<td>\n<p align=\"right\">378<\/p>\n<\/td>\n<\/tr>\n<tr>\n<td width=\"100%\">L\u2019\u00c9pouse de l\u2019Agneau<\/td>\n<td><\/td>\n<td>\n<p align=\"right\">381<\/p>\n<\/td>\n<\/tr>\n<tr class=\"tdmb\">\n<td width=\"100%\">144 000 assistants<\/td>\n<td><\/td>\n<td>\n<p align=\"right\">384<\/p>\n<\/td>\n<\/tr>\n<tr>\n<td width=\"100%\">Les invit\u00e9s<\/td>\n<td><\/td>\n<td>\n<p align=\"right\">390<\/p>\n<\/td>\n<\/tr>\n<tr class=\"tdmb\">\n<td width=\"100%\">Les trois arbres de vie<\/td>\n<td><\/td>\n<td>\n<p align=\"right\">394<\/p>\n<\/td>\n<\/tr>\n<tr>\n<td width=\"100%\">Le marchepied de Dieu<\/td>\n<td><\/td>\n<td>\n<p align=\"right\">400<\/p>\n<\/td>\n<\/tr>\n<tr class=\"tdmb\">\n<td width=\"100%\">De retour au pr\u00e9sent<\/td>\n<td><\/td>\n<td>\n<p align=\"right\">406<\/p>\n<\/td>\n<\/tr>\n<tr>\n<td width=\"100%\">Abr\u00e9viations des livres bibliques<\/td>\n<td><\/td>\n<td>\n<p align=\"right\">409<\/p>\n<\/td>\n<\/tr>\n<tr class=\"tdmb\">\n<td width=\"100%\">Bibliographie<\/td>\n<td><\/td>\n<td>\n<p align=\"right\">410<\/p>\n<\/td>\n<\/tr>\n<tr>\n<td width=\"100%\">Webographie<\/td>\n<td><\/td>\n<td>\n<p align=\"right\">411<\/p>\n<\/td>\n<\/tr>\n<\/tbody>\n<\/table>\n","protected":false},"excerpt":{"rendered":"<h4>4e de couverture<\/h4>\n<p>Quel sens donner \u00e0 l&#8217;\u00e9tat actuel de la terre et des nations, confront\u00e9es \u00e0 ce d\u00e9sordre climatique en expansion? Vers o\u00f9 se dirige le monde des hommes, qui par leurs modes de vie ne cessent d`endommager la terre? \u00c0 quoi prochainement serons-nous confront\u00e9s d\u00fb \u00e0 l`\u00e9poque chaotique en laquelle nous venons d`entrer? Sommes-nous expos\u00e9s \u00e0 une in\u00e9vitable troisi\u00e8me guerre mondiale, dont l`enjeu sera les r\u00e9serves d&#8217;eau potable et denr\u00e9es? Une r\u00e9duction consid\u00e9rable de la population mondiale, planifi\u00e9e par les meneurs de ce monde pour en soulager la terre? D&#8217;y voir surgir l&#8217;implantation de ce ph\u00e9nom\u00e9nal nouvel ordre mondial? Ou sommes-nous finalement parvenus \u00e0 ce qui se nomme la fin des nations&#8230;<\/p>\n<p>Tout cela fut annonc\u00e9 il y a tr\u00e8s longtemps, vous n&#8217;avez qu&#8217;\u00e0 consulter les \u00e9crits qui en parlent, compil\u00e9s en ce livre, son langage d\u00e9mystifi\u00e9, rendu compr\u00e9hensible, afin d`entrevoir ce qui vient, ce que bient\u00f4t nous allons vivre! Accepter l&#8217;issue qui nous est offerte, \u00e9chapper au pire!<\/p>\n<p>(Ap 1) 1) R\u00e9v\u00e9lation de J\u00e9sus-Christ, que Dieu lui a donn\u00e9e pour montrer \u00e0 ses serviteurs les choses qui doivent arriver bient\u00f4t, 3) Heureux celui qui lit et ceux qui entendent les paroles de la proph\u00e9tie, et qui gardent les choses qui y sont \u00e9crites! Car le temps est proche.<\/p>\n<p>&nbsp;<\/p>\n","protected":false},"featured_media":834,"template":"","meta":{"spay_email":""},"_links":{"self":[{"href":"https:\/\/lerevelateur.ca\/en\/wp-json\/wp\/v2\/product\/935"}],"collection":[{"href":"https:\/\/lerevelateur.ca\/en\/wp-json\/wp\/v2\/product"}],"about":[{"href":"https:\/\/lerevelateur.ca\/en\/wp-json\/wp\/v2\/types\/product"}],"wp:featuredmedia":[{"embeddable":true,"href":"https:\/\/lerevelateur.ca\/en\/wp-json\/wp\/v2\/media\/834"}],"wp:attachment":[{"href":"https:\/\/lerevelateur.ca\/en\/wp-json\/wp\/v2\/media?parent=935"}],"curies":[{"name":"wp","href":"https:\/\/api.w.org\/{rel}","templated":true}]}}