{"id":939,"date":"2016-08-29T08:35:48","date_gmt":"2016-08-29T08:35:48","guid":{"rendered":"https:\/\/lerevelateur.ca\/product\/god-satan-and-men-book-1\/"},"modified":"2016-08-29T08:35:48","modified_gmt":"2016-08-29T08:35:48","slug":"god-satan-and-men-book-1","status":"publish","type":"product","link":"https:\/\/lerevelateur.ca\/en\/product\/god-satan-and-men-book-1\/","title":{"rendered":"God Satan and Men &#8211; Book 1"},"content":{"rendered":"<table class=\"tdm\">\n<tbody>\n<tr>\n<td width=\"100%\">D\u00e9dicace<\/td>\n<td><\/td>\n<td>\n<p align=\"right\">3<\/p>\n<\/td>\n<\/tr>\n<tr class=\"tdmb\">\n<td>Avis aux lecteurs<\/td>\n<td><\/td>\n<td>\n<p align=\"right\">4<\/p>\n<\/td>\n<\/tr>\n<tr>\n<td>Quelques mots de l\u2019auteur<\/td>\n<td><\/td>\n<td>\n<p align=\"right\">5<\/p>\n<\/td>\n<\/tr>\n<tr class=\"tdmb\">\n<td>Pr\u00e9face<\/td>\n<td><\/td>\n<td>\n<p align=\"right\">7<\/p>\n<\/td>\n<\/tr>\n<tr>\n<td>Remerciements<\/td>\n<td><\/td>\n<td>\n<p align=\"right\">9<\/p>\n<\/td>\n<\/tr>\n<tr class=\"tdmb\">\n<td>Jadis il y eut<\/td>\n<td><\/td>\n<td>\n<p align=\"right\">11<\/p>\n<\/td>\n<\/tr>\n<tr>\n<td>La chute<\/td>\n<td><\/td>\n<td>\n<p align=\"right\">16<\/p>\n<\/td>\n<\/tr>\n<tr class=\"tdmb\">\n<td>L\u2019odieux mensonge de Lucifer<\/td>\n<td><\/td>\n<td>\n<p align=\"right\">20<\/p>\n<\/td>\n<\/tr>\n<tr>\n<td>Lucifer devient Satan<\/td>\n<td><\/td>\n<td>\n<p align=\"right\">25<\/p>\n<\/td>\n<\/tr>\n<tr class=\"tdmb\">\n<td>Le th\u00e9\u00e2tre d&#8217;un proc\u00e8s<\/td>\n<td><\/td>\n<td>\n<p align=\"right\">34<\/p>\n<\/td>\n<\/tr>\n<tr>\n<td>La d\u00e9faite de l&#8217;\u00c9den<\/td>\n<td><\/td>\n<td>\n<p align=\"right\">38<\/p>\n<\/td>\n<\/tr>\n<tr class=\"tdmb\">\n<td>Une transformation psychique<\/td>\n<td><\/td>\n<td>\n<p align=\"right\">42<\/p>\n<\/td>\n<\/tr>\n<tr>\n<td>L\u2019omniscience de Dieu<\/td>\n<td><\/td>\n<td>\n<p align=\"right\">47<\/p>\n<\/td>\n<\/tr>\n<tr class=\"tdmb\">\n<td>Un rouage diff\u00e9rent<\/td>\n<td><\/td>\n<td>\n<p align=\"right\">52<\/p>\n<\/td>\n<\/tr>\n<tr>\n<td>Un nouvel encadrement<\/td>\n<td><\/td>\n<td>\n<p align=\"right\">60<\/p>\n<\/td>\n<\/tr>\n<tr class=\"tdmb\">\n<td>L&#8217;exode des anges<\/td>\n<td><\/td>\n<td>\n<p align=\"right\">65<\/p>\n<\/td>\n<\/tr>\n<tr>\n<td>Les fils du Malin<\/td>\n<td><\/td>\n<td>\n<p align=\"right\">68<\/p>\n<\/td>\n<\/tr>\n<tr class=\"tdmb\">\n<td>Un \u00e9cosyst\u00e8me modifi\u00e9<\/td>\n<td><\/td>\n<td>\n<p align=\"right\">73<\/p>\n<\/td>\n<\/tr>\n<tr>\n<td>La terre reprend vie<\/td>\n<td><\/td>\n<td>\n<p align=\"right\">82<\/p>\n<\/td>\n<\/tr>\n<tr class=\"tdmb\">\n<td>L\u2019\u00c9gypte<\/td>\n<td><\/td>\n<td>\n<p align=\"right\">87<\/p>\n<\/td>\n<\/tr>\n<tr>\n<td>L\u2019alliance renouvel\u00e9e<\/td>\n<td><\/td>\n<td>\n<p align=\"right\">92<\/p>\n<\/td>\n<\/tr>\n<tr class=\"tdmb\">\n<td>Le temple<\/td>\n<td><\/td>\n<td>\n<p align=\"right\">95<\/p>\n<\/td>\n<\/tr>\n<tr>\n<td>L\u2019Assyrie<\/td>\n<td><\/td>\n<td>\n<p align=\"right\">97<\/p>\n<\/td>\n<\/tr>\n<tr class=\"tdmb\">\n<td>Babylone<\/td>\n<td><\/td>\n<td>\n<p align=\"right\">101<\/p>\n<\/td>\n<\/tr>\n<tr>\n<td>Les quatre vents des cieux<\/td>\n<td><\/td>\n<td>\n<p align=\"right\">104<\/p>\n<\/td>\n<\/tr>\n<tr class=\"tdmb\">\n<td>La Mer<\/td>\n<td><\/td>\n<td>\n<p align=\"right\">106<\/p>\n<\/td>\n<\/tr>\n<tr>\n<td>De b\u00eates royaumes<\/td>\n<td><\/td>\n<td>\n<p align=\"right\">109<\/p>\n<\/td>\n<\/tr>\n<tr class=\"tdmb\">\n<td>Le lion \u00e9purateur du troupeau<\/td>\n<td><\/td>\n<td>\n<p align=\"right\">111<\/p>\n<\/td>\n<\/tr>\n<tr>\n<td>La fureur d\u2019une ourse pour ses petits<\/td>\n<td><\/td>\n<td>\n<p align=\"right\">115<\/p>\n<\/td>\n<\/tr>\n<tr class=\"tdmb\">\n<td>Les 490 ann\u00e9es<\/td>\n<td><\/td>\n<td>\n<p align=\"right\">125<\/p>\n<\/td>\n<\/tr>\n<tr>\n<td>La magnificence du p\u00e9ch\u00e9<\/td>\n<td><\/td>\n<td>\n<p align=\"right\">129<\/p>\n<\/td>\n<\/tr>\n<tr class=\"tdmb\">\n<td>L\u2019instrument et prototype<\/td>\n<td><\/td>\n<td>\n<p align=\"right\">140<\/p>\n<\/td>\n<\/tr>\n<tr>\n<td>Antiochus \u00c9piphane<\/td>\n<td><\/td>\n<td>\n<p align=\"right\">147<\/p>\n<\/td>\n<\/tr>\n<tr class=\"tdmb\">\n<td>Un \u00e9v\u00e9nement \u00e0 retenir<\/td>\n<td><\/td>\n<td>\n<p align=\"right\">151<\/p>\n<\/td>\n<\/tr>\n<tr>\n<td>La b\u00eate \u00e0 dix cornes<\/td>\n<td><\/td>\n<td>\n<p align=\"right\">154<\/p>\n<\/td>\n<\/tr>\n<tr class=\"tdmb\">\n<td>Dieu dans la peau d\u2019un homme<\/td>\n<td><\/td>\n<td>\n<p align=\"right\">160<\/p>\n<\/td>\n<\/tr>\n<tr>\n<td>Une premi\u00e8re tentative<\/td>\n<td><\/td>\n<td>\n<p align=\"right\">163<\/p>\n<\/td>\n<\/tr>\n<tr class=\"tdmb\">\n<td>La confrontation d\u00e9bute<\/td>\n<td><\/td>\n<td>\n<p align=\"right\">169<\/p>\n<\/td>\n<\/tr>\n<tr>\n<td>Geths\u00e9mani<\/td>\n<td><\/td>\n<td>\n<p align=\"right\">183<\/p>\n<\/td>\n<\/tr>\n<tr class=\"tdmb\">\n<td>La vraie P\u00e2que<\/td>\n<td><\/td>\n<td>\n<p align=\"right\">201<\/p>\n<\/td>\n<\/tr>\n<tr>\n<td>La r\u00e9surrection<\/td>\n<td><\/td>\n<td>\n<p align=\"right\">205<\/p>\n<\/td>\n<\/tr>\n<tr class=\"tdmb\">\n<td>Une cause d\u00e9sesp\u00e9r\u00e9e<\/td>\n<td><\/td>\n<td>\n<p align=\"right\">215<\/p>\n<\/td>\n<\/tr>\n<tr>\n<td>Le contrecoup de la d\u00e9faite<\/td>\n<td><\/td>\n<td>\n<p align=\"right\">217<\/p>\n<\/td>\n<\/tr>\n<tr class=\"tdmb\">\n<td>Mika\u00ebl<\/td>\n<td><\/td>\n<td>\n<p align=\"right\">225<\/p>\n<\/td>\n<\/tr>\n<tr>\n<td>Ils l\u2019ont vaincu<\/td>\n<td><\/td>\n<td>\n<p align=\"right\">228<\/p>\n<\/td>\n<\/tr>\n<tr class=\"tdmb\">\n<td>Le minist\u00e8re de la Loi<\/td>\n<td><\/td>\n<td>\n<p align=\"right\">234<\/p>\n<\/td>\n<\/tr>\n<tr>\n<td>Une puissance<\/td>\n<td><\/td>\n<td>\n<p align=\"right\">240<\/p>\n<\/td>\n<\/tr>\n<tr class=\"tdmb\">\n<td>Le trompeur tromp\u00e9<\/td>\n<td><\/td>\n<td>\n<p align=\"right\">250<\/p>\n<\/td>\n<\/tr>\n<tr>\n<td>Malheur \u00e0 la terre et \u00e0 la mer<\/td>\n<td><\/td>\n<td>\n<p align=\"right\">256<\/p>\n<\/td>\n<\/tr>\n<tr class=\"tdmb\">\n<td>Le nouveau temple<\/td>\n<td><\/td>\n<td>\n<p align=\"right\">259<\/p>\n<\/td>\n<\/tr>\n<tr>\n<td>Pourquoi les uns et pas les autres<\/td>\n<td><\/td>\n<td>\n<p align=\"right\">268<\/p>\n<\/td>\n<\/tr>\n<tr class=\"tdmb\">\n<td>L\u2019indulgente gr\u00e2ce<\/td>\n<td><\/td>\n<td>\n<p align=\"right\">278<\/p>\n<\/td>\n<\/tr>\n<tr>\n<td>La foi vivante<\/td>\n<td><\/td>\n<td>\n<p align=\"right\">281<\/p>\n<\/td>\n<\/tr>\n<tr class=\"tdmb\">\n<td>Le Juste milieu<\/td>\n<td><\/td>\n<td>\n<p align=\"right\">284<\/p>\n<\/td>\n<\/tr>\n<tr>\n<td>La r\u00e8gle d\u2019or<\/td>\n<td><\/td>\n<td>\n<p align=\"right\">288<\/p>\n<\/td>\n<\/tr>\n<tr class=\"tdmb\">\n<td>L\u2019\u00e9glise primitive<\/td>\n<td><\/td>\n<td>\n<p align=\"right\">291<\/p>\n<\/td>\n<\/tr>\n<tr>\n<td>Les premi\u00e8res pers\u00e9cutions<\/td>\n<td><\/td>\n<td>\n<p align=\"right\">293<\/p>\n<\/td>\n<\/tr>\n<tr class=\"tdmb\">\n<td>Le myst\u00e8re de l\u2019iniquit\u00e9<\/td>\n<td><\/td>\n<td>\n<p align=\"right\">305<\/p>\n<\/td>\n<\/tr>\n<tr>\n<td>Des loups ravisseurs<\/td>\n<td><\/td>\n<td>\n<p align=\"right\">314<\/p>\n<\/td>\n<\/tr>\n<tr class=\"tdmb\">\n<td>Message aux sept \u00e9glises<\/td>\n<td><\/td>\n<td>\n<p align=\"right\">322<\/p>\n<\/td>\n<\/tr>\n<tr>\n<td>L\u2019\u00c9glise d\u2019\u00c9ph\u00e8se<\/td>\n<td><\/td>\n<td>\n<p align=\"right\">325<\/p>\n<\/td>\n<\/tr>\n<tr class=\"tdmb\">\n<td>L\u2019\u00e9dit de Milan<\/td>\n<td><\/td>\n<td>\n<p align=\"right\">329<\/p>\n<\/td>\n<\/tr>\n<tr>\n<td>Sol Invictus<\/td>\n<td><\/td>\n<td>\n<p align=\"right\">335<\/p>\n<\/td>\n<\/tr>\n<tr class=\"tdmb\">\n<td>Le nicola\u00efsme<\/td>\n<td><\/td>\n<td>\n<p align=\"right\">341<\/p>\n<\/td>\n<\/tr>\n<tr>\n<td>L\u2019\u00c9glise de Smyrne<\/td>\n<td><\/td>\n<td>\n<p align=\"right\">346<\/p>\n<\/td>\n<\/tr>\n<tr class=\"tdmb\">\n<td>L\u2019empereur Justinien<\/td>\n<td><\/td>\n<td>\n<p align=\"right\">353<\/p>\n<\/td>\n<\/tr>\n<tr>\n<td>De la Rome imp\u00e9riale \u00e0 la Rome papale<\/td>\n<td><\/td>\n<td>\n<p align=\"right\">366<\/p>\n<\/td>\n<\/tr>\n<tr class=\"tdmb\">\n<td>L\u2019homme de p\u00e9ch\u00e9, le fils de la perdition<\/td>\n<td><\/td>\n<td>\n<p align=\"right\">372<\/p>\n<\/td>\n<\/tr>\n<tr>\n<td>L\u2019\u00c9glise de Pergame<\/td>\n<td><\/td>\n<td>\n<p align=\"right\">377<\/p>\n<\/td>\n<\/tr>\n<tr class=\"tdmb\">\n<td>La trempe d\u2019Antipas<\/td>\n<td><\/td>\n<td>\n<p align=\"right\">383<\/p>\n<\/td>\n<\/tr>\n<tr>\n<td>Un \u00c9vangile contrefait<\/td>\n<td><\/td>\n<td>\n<p align=\"right\">387<\/p>\n<\/td>\n<\/tr>\n<tr class=\"tdmb\">\n<td>\u00c0 la poursuite de la femme<\/td>\n<td><\/td>\n<td>\n<p align=\"right\">394<\/p>\n<\/td>\n<\/tr>\n<tr>\n<td>1260 ann\u00e9es d\u2019oppression<\/td>\n<td><\/td>\n<td>\n<p align=\"right\">397<\/p>\n<\/td>\n<\/tr>\n<tr class=\"tdmb\">\n<td>Le catharisme<\/td>\n<td><\/td>\n<td>\n<p align=\"right\">407<\/p>\n<\/td>\n<\/tr>\n<tr>\n<td>Les deux ailes du grand aigle<\/td>\n<td><\/td>\n<td>\n<p align=\"right\">417<\/p>\n<\/td>\n<\/tr>\n<tr class=\"tdmb\">\n<td>L\u2019\u00c9glise de Thyatire<\/td>\n<td><\/td>\n<td>\n<p align=\"right\">419<\/p>\n<\/td>\n<\/tr>\n<tr>\n<td>L\u2019autre aile du grand aigle<\/td>\n<td><\/td>\n<td>\n<p align=\"right\">427<\/p>\n<\/td>\n<\/tr>\n<tr class=\"tdmb\">\n<td>La glorieuse r\u00e9volution<\/td>\n<td><\/td>\n<td>\n<p align=\"right\">434<\/p>\n<\/td>\n<\/tr>\n<tr>\n<td>Les treize colonies<\/td>\n<td><\/td>\n<td>\n<p align=\"right\">441<\/p>\n<\/td>\n<\/tr>\n<tr class=\"tdmb\">\n<td>Le grand sceau<\/td>\n<td><\/td>\n<td>\n<p align=\"right\">450<\/p>\n<\/td>\n<\/tr>\n<tr>\n<td>Le septi\u00e8me roi proph\u00e9tique<\/td>\n<td><\/td>\n<td>\n<p align=\"right\">455<\/p>\n<\/td>\n<\/tr>\n<tr class=\"tdmb\">\n<td>Le complot se poursuit<\/td>\n<td><\/td>\n<td>\n<p align=\"right\">460<\/p>\n<\/td>\n<\/tr>\n<tr>\n<td>L\u2019Esprit de proph\u00e9tie<\/td>\n<td><\/td>\n<td>\n<p align=\"right\">468<\/p>\n<\/td>\n<\/tr>\n<tr class=\"tdmb\">\n<td>L\u2019\u00c9glise de Sardes<\/td>\n<td><\/td>\n<td>\n<p align=\"right\">473<\/p>\n<\/td>\n<\/tr>\n<tr>\n<td>Une mise en garde<\/td>\n<td><\/td>\n<td>\n<p align=\"right\">482<\/p>\n<\/td>\n<\/tr>\n<tr class=\"tdmb\">\n<td>Un brillant t\u00e9n\u00e9breux<\/td>\n<td><\/td>\n<td>\n<p align=\"right\">489<\/p>\n<\/td>\n<\/tr>\n<tr>\n<td>L&#8217;ONU<\/td>\n<td><\/td>\n<td>\n<p align=\"right\">497<\/p>\n<\/td>\n<\/tr>\n<tr class=\"tdmb\">\n<td>L\u2019in\u00e9vitable<\/td>\n<td><\/td>\n<td>\n<p align=\"right\">503<\/p>\n<\/td>\n<\/tr>\n<tr>\n<td>Ce qui est annonc\u00e9<\/td>\n<td><\/td>\n<td>\n<p align=\"right\">511<\/p>\n<\/td>\n<\/tr>\n<tr class=\"tdmb\">\n<td>Abr\u00e9viations des livres bibliques<\/td>\n<td><\/td>\n<td>\n<p align=\"right\">514<\/p>\n<\/td>\n<\/tr>\n<tr>\n<td>Bibliographie<\/td>\n<td><\/td>\n<td>\n<p align=\"right\">515<\/p>\n<\/td>\n<\/tr>\n<tr class=\"tdmb\">\n<td>Webographie<\/td>\n<td><\/td>\n<td>\n<p align=\"right\">516<\/p>\n<\/td>\n<\/tr>\n<tr>\n<td>Tables des mati\u00e8res<\/td>\n<td><\/td>\n<td>\n<p align=\"right\">517<\/p>\n<\/td>\n<\/tr>\n<\/tbody>\n<\/table>\n","protected":false},"excerpt":{"rendered":"<p>\u00c9chappez-vous pour un moment des brumes aveuglantes de votre quotidien, venez, je vous emm\u00e8ne l\u00e0 o\u00f9 peu de personnes sont all\u00e9es jusqu&#8217;\u00e0 pr\u00e9sent. Je vous ferai visiter l&#8217;envers du d\u00e9cor de ce monde, descendre jusque dans ses profondeurs les plus macabres, traverser le cosmos, visiter des lieux lumineux. Plein de personnages vous y attendent, \u00e0 qui nous ferons avouer l&#8217;inconcevable.<\/p>\n<p>Depuis que l&#8217;homme habite la terre, celle-ci fut le th\u00e9\u00e2tre d&#8217;\u00e9v\u00e9nements rapport\u00e9s par les historiens. Mais pour rendre justice \u00e0 toute l&#8217;envergure de ces faits, ceux-ci m\u00e9ritent maintenant d&#8217;\u00eatre racont\u00e9s par d&#8217;autres que les humains. Mais l\u00e0 encore une barri\u00e8re demeure, elle se situe au niveau de la limite personnelle du raisonnable, ce que peut tol\u00e9rer d`\u00e9trange et d\u00e9concertant le fragile entendement de l&#8217;homme, en arriver \u00e0 trancher pour lui-m\u00eame fermement la question; o\u00f9 commence et s&#8217;arr\u00eate la r\u00e9alit\u00e9 de ce qui est racont\u00e9 dans ce livre?<\/p>\n<p>L`Histoire a une face cach\u00e9e que malheureusement beaucoup n`ont pas le courage de regarder droit dans les yeux.<\/p>\n","protected":false},"featured_media":831,"template":"","meta":{"spay_email":""},"_links":{"self":[{"href":"https:\/\/lerevelateur.ca\/en\/wp-json\/wp\/v2\/product\/939"}],"collection":[{"href":"https:\/\/lerevelateur.ca\/en\/wp-json\/wp\/v2\/product"}],"about":[{"href":"https:\/\/lerevelateur.ca\/en\/wp-json\/wp\/v2\/types\/product"}],"wp:featuredmedia":[{"embeddable":true,"href":"https:\/\/lerevelateur.ca\/en\/wp-json\/wp\/v2\/media\/831"}],"wp:attachment":[{"href":"https:\/\/lerevelateur.ca\/en\/wp-json\/wp\/v2\/media?parent=939"}],"curies":[{"name":"wp","href":"https:\/\/api.w.org\/{rel}","templated":true}]}}